{"id":47,"date":"2024-10-30T10:15:36","date_gmt":"2024-10-30T09:15:36","guid":{"rendered":"https:\/\/cisarm.fr\/?page_id=47"},"modified":"2024-10-30T10:15:36","modified_gmt":"2024-10-30T09:15:36","slug":"nos-engagements-qualite-et-proximite","status":"publish","type":"page","link":"https:\/\/cisarm.fr\/index.php\/nos-engagements-qualite-et-proximite\/","title":{"rendered":"Nos engagements : qualit\u00e9 et proximit\u00e9"},"content":{"rendered":"\n<details class=\"wp-block-details has-source-serif-pro-font-family is-layout-flow wp-block-details-is-layout-flow\"><summary>Coop\u00e9ration entre nos m\u00e9decins et nos partenaires<\/summary>\n<p class=\"has-source-serif-pro-font-family\">Gr\u00e2ce \u00e0 un parcours de soins complet et coordonn\u00e9 au sein du Centre de Sant\u00e9, et avec nos partenaires : <a href=\"https:\/\/www.hopitaux-nord-ardenne.fr\/consultations-et-hospitalisations\/consultations-fumay\/\" target=\"_blank\" rel=\"noreferrer noopener\">l&rsquo;h\u00f4pital local de Fumay<\/a>, <a href=\"https:\/\/bioardaisne.fr\/laboratoire-givet\/\" target=\"_blank\" rel=\"noreferrer noopener\">le laboratoire BioArd&rsquo;aisne de Givet<\/a> et <a href=\"https:\/\/www.cob-ophtalmo.fr\/\" target=\"_blank\" rel=\"noreferrer noopener\">le Centre d&rsquo;ophtalmologie B\u00e9r\u00e9govoy de Charleville-Mezi\u00e8res<\/a>.<\/p>\n<\/details>\n\n\n\n<details class=\"wp-block-details has-source-serif-pro-font-family is-layout-flow wp-block-details-is-layout-flow\"><summary>Absence de d\u00e9passement d&rsquo;honoraires et facilit\u00e9s de paiement<\/summary>\n<p class=\"has-source-serif-pro-font-family\">Gr\u00e2ce au Tiers Payant vous n&rsquo;avancez que la part mutuelle (ou pas d&rsquo;avance de frais selon votre mutuelle) et \u00e0 des tarifs ma\u00eetris\u00e9s \u00e0 la port\u00e9e de toutes et tous.<\/p>\n<\/details>\n\n\n\n<p><\/p>\n\n\n\n<details class=\"wp-block-details has-source-serif-pro-font-family is-layout-flow wp-block-details-is-layout-flow\"><summary>Suivi m\u00e9dical responsable et de qualit\u00e9<\/summary>\n<p>Prise en charge du patient dans toutes ses d\u00e9marches de soins si n\u00e9cessaire, suivi du patient dans son parcours de soins.<\/p>\n<\/details>\n\n\n\n<details class=\"wp-block-details has-source-serif-pro-font-family is-layout-flow wp-block-details-is-layout-flow\"><summary>Actions de pr\u00e9vention et de d\u00e9pistage<\/summary>\n<p class=\"has-source-serif-pro-font-family\">Gr\u00e2ce \u00e0 des \u00e9v\u00e8nements et accompagnements r\u00e9guliers sur les premiers gestes de sant\u00e9.<\/p>\n<\/details>\n\n\n\n<details class=\"wp-block-details has-source-serif-pro-font-family is-layout-flow wp-block-details-is-layout-flow\"><summary>Accessible \u00e0 tous<\/summary>\n<p class=\"has-source-serif-pro-font-family\">Quel que soit votre handicap, vous b\u00e9n\u00e9ficiez d&rsquo;examens et de soins adapt\u00e9s.<\/p>\n<\/details>\n\n\n\n<figure class=\"wp-block-image alignright size-full is-resized is-style-rounded\"><img loading=\"lazy\" decoding=\"async\" width=\"626\" height=\"417\" src=\"https:\/\/cisarm.fr\/wp-content\/uploads\/2024\/09\/groupe-medecins-personnel-medical-concept-equipe-medicale-dans-caractere-personnes-design-plat_180264-26.avif\" alt=\"\" class=\"wp-image-49\" style=\"width:546px;height:auto\"\/><\/figure>\n\n\n\n<p><\/p>\n","protected":false},"excerpt":{"rendered":"","protected":false},"author":1,"featured_media":0,"parent":0,"menu_order":0,"comment_status":"closed","ping_status":"closed","template":"","meta":{"footnotes":""},"class_list":["post-47","page","type-page","status-publish","hentry"],"_links":{"self":[{"href":"https:\/\/cisarm.fr\/index.php\/wp-json\/wp\/v2\/pages\/47","targetHints":{"allow":["GET"]}}],"collection":[{"href":"https:\/\/cisarm.fr\/index.php\/wp-json\/wp\/v2\/pages"}],"about":[{"href":"https:\/\/cisarm.fr\/index.php\/wp-json\/wp\/v2\/types\/page"}],"author":[{"embeddable":true,"href":"https:\/\/cisarm.fr\/index.php\/wp-json\/wp\/v2\/users\/1"}],"replies":[{"embeddable":true,"href":"https:\/\/cisarm.fr\/index.php\/wp-json\/wp\/v2\/comments?post=47"}],"version-history":[{"count":8,"href":"https:\/\/cisarm.fr\/index.php\/wp-json\/wp\/v2\/pages\/47\/revisions"}],"predecessor-version":[{"id":202,"href":"https:\/\/cisarm.fr\/index.php\/wp-json\/wp\/v2\/pages\/47\/revisions\/202"}],"wp:attachment":[{"href":"https:\/\/cisarm.fr\/index.php\/wp-json\/wp\/v2\/media?parent=47"}],"curies":[{"name":"wp","href":"https:\/\/api.w.org\/{rel}","templated":true}]}}