{"id":261,"date":"2025-08-07T10:38:57","date_gmt":"2025-08-07T08:38:57","guid":{"rendered":"https:\/\/cisarm.fr\/?page_id=261"},"modified":"2025-08-07T10:38:57","modified_gmt":"2025-08-07T08:38:57","slug":"notre-sage-femme","status":"publish","type":"page","link":"https:\/\/cisarm.fr\/index.php\/notre-sage-femme\/","title":{"rendered":"Notre Sage Femme"},"content":{"rendered":"\n<p class=\"has-text-align-center has-source-serif-pro-font-family has-large-font-size\">Mme DAVE Fanny<\/p>\n\n\n\n<hr class=\"wp-block-separator has-alpha-channel-opacity is-style-wide\" style=\"margin-top:var(--wp--preset--spacing--50);margin-bottom:var(--wp--preset--spacing--50)\"\/>\n\n\n\n<p class=\"has-source-serif-pro-font-family has-large-font-size\"><strong>Quel est le r\u00f4le d&rsquo;une sage femme dans un centre de sant\u00e9 ?<\/strong><\/p>\n\n\n\n<figure class=\"wp-block-image alignright size-full\"><img loading=\"lazy\" decoding=\"async\" width=\"480\" height=\"480\" src=\"https:\/\/cisarm.fr\/wp-content\/uploads\/2025\/08\/polozna-ikona.png\" alt=\"\" class=\"wp-image-262\" srcset=\"https:\/\/cisarm.fr\/wp-content\/uploads\/2025\/08\/polozna-ikona.png 480w, https:\/\/cisarm.fr\/wp-content\/uploads\/2025\/08\/polozna-ikona-300x300.png 300w, https:\/\/cisarm.fr\/wp-content\/uploads\/2025\/08\/polozna-ikona-150x150.png 150w\" sizes=\"auto, (max-width: 480px) 100vw, 480px\" \/><\/figure>\n\n\n\n<p class=\"has-source-serif-pro-font-family\">Dot\u00e9es d\u2019un pouvoir de diagnostic et d\u2019un droit de prescription, les sages-femmes forment une profession m\u00e9dicale \u00e0 comp\u00e9tences d\u00e9finies. Le champ d\u2019intervention des sages-femmes aupr\u00e8s des femmes et des nouveau-n\u00e9s en bonne sant\u00e9 est \u00e9tabli par le code de la sant\u00e9 publique (articles L4151-1 et suivants du Code de la sant\u00e9 publique).<\/p>\n\n\n\n<p class=\"has-source-serif-pro-font-family\">Au regard du statut m\u00e9dical de la profession, les informations ci-dessous n\u2019ont pas vocation \u00e0 \u00e9tablir une liste exhaustive des actes que peuvent pratiquer les sages-femmes, mais \u00e0 expliciter leurs diff\u00e9rents domaines de comp\u00e9tences.<\/p>\n\n\n\n<p class=\"has-text-align-center has-source-serif-pro-font-family\">Au sein du Centre de Sant\u00e9, vous pouvez dispenser d&rsquo;interventions diverses aupr\u00e8s de notre sage femme :<br>\u2022\u00a0\u00a0 \u00a0Consultation gyn\u00e9cologique<br>\u2022\u00a0\u00a0 Suivi de grossesse<br>\u2022\u00a0\u00a0 Pr\u00e9paration \u00e0 la naissance<br>\u2022\u00a0\u00a0 \u00a0R\u00e9\u00e9ducation p\u00e9rin\u00e9ale<br><\/p>\n\n\n\n<p class=\"has-text-align-center has-source-serif-pro-font-family\">Pour profiter de cette offre de soins, veuillez prendre rendez-vous au <strong>03.24.41.45.45<\/strong> du<strong> lundi au vendredi<\/strong> de <strong>08h30 \u00e0 12h00<\/strong> et de <strong>13h30 \u00e0 17h30<\/strong>.<\/p>\n\n\n\n<p class=\"has-source-serif-pro-font-family has-large-font-size\"><strong>Modalit\u00e9 d&rsquo;admission et inscription<\/strong><\/p>\n\n\n\n<p class=\"has-source-serif-pro-font-family\">Lors de la prise de rendez-vous et de la r\u00e9alisation des soins nous demandons la pr\u00e9sentation de :<\/p>\n\n\n\n<ul class=\"wp-block-list\">\n<li class=\"has-source-serif-pro-font-family\">La carte vitale<\/li>\n<\/ul>\n\n\n\n<p class=\"has-source-serif-pro-font-family has-large-font-size\"><strong>Modalit\u00e9 financi\u00e8res &#8211; Tarifs<\/strong><\/p>\n\n\n\n<p class=\"has-source-serif-pro-font-family\">Le Centre de Sant\u00e9 pratique le tiers payant, il est conventionn\u00e9 par la Caisse primaire d\u2019assurance maladie (CPAM).\u00a0Il s\u2019engage \u00e0 respecter les tarifs conventionnels. Le Tiers payant permet de\u00a0b\u00e9n\u00e9ficier d\u2019une dispense d\u2019avance de frais\u00a0de la part \u00ab\u00a0S\u00e9curit\u00e9 Sociale\u00a0\u00bb\u00a0sur pr\u00e9sentation de la carte vitale. <br>La partie \u00ab\u00a0Compl\u00e9mentaire &#8211; Mutuelle\u00a0\u00bb sera \u00e0 avancer et vous sera rembours\u00e9e directement.<\/p>\n","protected":false},"excerpt":{"rendered":"<p>Mme DAVE Fanny Quel est le r\u00f4le d&rsquo;une sage femme dans un centre de sant\u00e9 ? Dot\u00e9es d\u2019un pouvoir de diagnostic et d\u2019un droit de prescription, les sages-femmes forment une profession m\u00e9dicale \u00e0 comp\u00e9tences d\u00e9finies. Le champ d\u2019intervention des sages-femmes aupr\u00e8s des femmes et des nouveau-n\u00e9s en bonne sant\u00e9 est \u00e9tabli par le code de [&hellip;]<\/p>\n","protected":false},"author":1,"featured_media":0,"parent":0,"menu_order":0,"comment_status":"closed","ping_status":"closed","template":"","meta":{"footnotes":""},"class_list":["post-261","page","type-page","status-publish","hentry"],"_links":{"self":[{"href":"https:\/\/cisarm.fr\/index.php\/wp-json\/wp\/v2\/pages\/261","targetHints":{"allow":["GET"]}}],"collection":[{"href":"https:\/\/cisarm.fr\/index.php\/wp-json\/wp\/v2\/pages"}],"about":[{"href":"https:\/\/cisarm.fr\/index.php\/wp-json\/wp\/v2\/types\/page"}],"author":[{"embeddable":true,"href":"https:\/\/cisarm.fr\/index.php\/wp-json\/wp\/v2\/users\/1"}],"replies":[{"embeddable":true,"href":"https:\/\/cisarm.fr\/index.php\/wp-json\/wp\/v2\/comments?post=261"}],"version-history":[{"count":2,"href":"https:\/\/cisarm.fr\/index.php\/wp-json\/wp\/v2\/pages\/261\/revisions"}],"predecessor-version":[{"id":264,"href":"https:\/\/cisarm.fr\/index.php\/wp-json\/wp\/v2\/pages\/261\/revisions\/264"}],"wp:attachment":[{"href":"https:\/\/cisarm.fr\/index.php\/wp-json\/wp\/v2\/media?parent=261"}],"curies":[{"name":"wp","href":"https:\/\/api.w.org\/{rel}","templated":true}]}}