{"id":2,"date":"2024-06-07T17:38:37","date_gmt":"2024-06-07T15:38:37","guid":{"rendered":"http:\/\/cisarm.fr\/?page_id=2"},"modified":"2026-01-12T14:08:05","modified_gmt":"2026-01-12T13:08:05","slug":"page-d-exemple","status":"publish","type":"page","link":"https:\/\/cisarm.fr\/index.php\/page-d-exemple\/","title":{"rendered":"Contact"},"content":{"rendered":"\n<p><img loading=\"lazy\" decoding=\"async\" width=\"35\" height=\"23\" class=\"wp-image-40\" style=\"width: 35px;\" src=\"http:\/\/cisarm.fr\/wp-content\/uploads\/2024\/09\/Email-Open-mail-icon-Graphics-13342456-1-312x208-1.jpg\" alt=\"\" srcset=\"https:\/\/cisarm.fr\/wp-content\/uploads\/2024\/09\/Email-Open-mail-icon-Graphics-13342456-1-312x208-1.jpg 312w, https:\/\/cisarm.fr\/wp-content\/uploads\/2024\/09\/Email-Open-mail-icon-Graphics-13342456-1-312x208-1-300x200.jpg 300w\" sizes=\"auto, (max-width: 35px) 100vw, 35px\" \/> Adresse mail : <a href=\"mailto:contact@cisarm.fr\">contact@cisarm.fr<\/a>            <img loading=\"lazy\" decoding=\"async\" width=\"35\" height=\"35\" class=\"wp-image-41\" style=\"width: 35px;\" src=\"http:\/\/cisarm.fr\/wp-content\/uploads\/2024\/09\/istockphoto-1130588880-612x612-1.jpg\" alt=\"\" srcset=\"https:\/\/cisarm.fr\/wp-content\/uploads\/2024\/09\/istockphoto-1130588880-612x612-1.jpg 612w, https:\/\/cisarm.fr\/wp-content\/uploads\/2024\/09\/istockphoto-1130588880-612x612-1-300x300.jpg 300w, https:\/\/cisarm.fr\/wp-content\/uploads\/2024\/09\/istockphoto-1130588880-612x612-1-150x150.jpg 150w\" sizes=\"auto, (max-width: 35px) 100vw, 35px\" \/> T\u00e9l\u00e9phone : +33 3.24.41.45.45<\/p>\n\n\n\n<h2 class=\"wp-block-heading has-text-align-center\">Notre \u00e9quipe <\/h2>\n\n\n\n<hr class=\"wp-block-separator has-alpha-channel-opacity is-style-wide\" style=\"margin-top:var(--wp--preset--spacing--50);margin-bottom:var(--wp--preset--spacing--50)\"\/>\n\n\n\n<p class=\"has-source-serif-pro-font-family has-large-font-size\"><strong>Partie m\u00e9dicale<\/strong><\/p>\n\n\n\n<div class=\"wp-block-group is-nowrap is-layout-flex wp-container-core-group-is-layout-6c531013 wp-block-group-is-layout-flex\">\n<figure class=\"wp-block-image size-full is-resized\"><img loading=\"lazy\" decoding=\"async\" width=\"124\" height=\"124\" src=\"https:\/\/cisarm.fr\/wp-content\/uploads\/2025\/01\/image.png\" alt=\"\" class=\"wp-image-223\" style=\"width:38px;height:auto\"\/><\/figure>\n\n\n\n<p class=\"has-source-serif-pro-font-family\"><a href=\"https:\/\/cisarm.fr\/index.php\/infirmiere-diplomee-detat\/\" data-type=\"page\" data-id=\"92\">Mme THIRIET<\/a>, Infirmi\u00e8re dipl\u00f4m\u00e9e d&rsquo;\u00e9tat<\/p>\n<\/div>\n\n\n\n<div class=\"wp-block-group is-nowrap is-layout-flex wp-container-core-group-is-layout-6c531013 wp-block-group-is-layout-flex\">\n<figure class=\"wp-block-image size-full is-resized\"><img loading=\"lazy\" decoding=\"async\" width=\"141\" height=\"141\" src=\"https:\/\/cisarm.fr\/wp-content\/uploads\/2025\/08\/image.png\" alt=\"\" class=\"wp-image-259\" style=\"width:42px;height:auto\"\/><\/figure>\n\n\n\n<p class=\"has-source-serif-pro-font-family\"><a href=\"https:\/\/cisarm.fr\/index.php\/notre-sage-femme\/\" data-type=\"page\" data-id=\"261\">Mme DAVE<\/a> , Sage Femme<\/p>\n<\/div>\n\n\n\n<div class=\"wp-block-group is-nowrap is-layout-flex wp-container-core-group-is-layout-6c531013 wp-block-group-is-layout-flex\">\n<figure class=\"wp-block-image size-full is-resized\"><img loading=\"lazy\" decoding=\"async\" width=\"124\" height=\"124\" src=\"https:\/\/cisarm.fr\/wp-content\/uploads\/2025\/01\/image-1.png\" alt=\"\" class=\"wp-image-224\" style=\"width:39px;height:auto\"\/><\/figure>\n\n\n\n<p class=\"has-source-serif-pro-font-family\">Mme HOUBAILLE et Mme MOINY, Assistante m\u00e9dicale<\/p>\n<\/div>\n\n\n\n<div class=\"wp-block-group is-nowrap is-layout-flex wp-container-core-group-is-layout-6c531013 wp-block-group-is-layout-flex\">\n<figure class=\"wp-block-image size-full is-resized\"><img loading=\"lazy\" decoding=\"async\" width=\"150\" height=\"150\" src=\"https:\/\/cisarm.fr\/wp-content\/uploads\/2024\/10\/image-2.png\" alt=\"\" class=\"wp-image-164\" style=\"width:42px;height:auto\"\/><\/figure>\n\n\n\n<p class=\"has-source-serif-pro-font-family\"><a href=\"https:\/\/cisarm.fr\/index.php\/medecin-generaliste\/\" data-type=\"page\" data-id=\"88\">Dr MINEUR<\/a>, <a href=\"https:\/\/cisarm.fr\/index.php\/medecin-generaliste\/\" data-type=\"page\" data-id=\"88\">Dr DELATTRE<\/a>, <a href=\"https:\/\/cisarm.fr\/index.php\/medecin-generaliste\/\" data-type=\"page\" data-id=\"88\">Dr GIUDICEANDREA<\/a>, <a href=\"https:\/\/cisarm.fr\/index.php\/medecin-generaliste\/\" data-type=\"page\" data-id=\"88\">Dr IGLESIAS<\/a>, m\u00e9decin g\u00e9n\u00e9raliste.<\/p>\n<\/div>\n\n\n\n<div class=\"wp-block-group is-nowrap is-layout-flex wp-container-core-group-is-layout-6c531013 wp-block-group-is-layout-flex\">\n<p>  <\/p>\n\n\n\n<figure class=\"wp-block-image size-full is-resized\"><img loading=\"lazy\" decoding=\"async\" width=\"150\" height=\"150\" src=\"https:\/\/cisarm.fr\/wp-content\/uploads\/2024\/10\/image-2.png\" alt=\"\" class=\"wp-image-164\" style=\"width:42px;height:auto\"\/><\/figure>\n\n\n\n<p> <a href=\"https:\/\/cisarm.fr\/index.php\/medecin-generaliste\/\" data-type=\"page\" data-id=\"88\">Dr MALTOT<\/a>, <a href=\"https:\/\/cisarm.fr\/index.php\/medecin-generaliste\/\" data-type=\"page\" data-id=\"88\">Dr MOUMID<\/a>, <a href=\"https:\/\/cisarm.fr\/index.php\/medecin-generaliste\/\" data-type=\"page\" data-id=\"88\">Dr BELLANGER<\/a>, <a href=\"https:\/\/cisarm.fr\/index.php\/medecin-generaliste\/\" data-type=\"page\" data-id=\"88\">Dr RAD<\/a>, <a href=\"https:\/\/cisarm.fr\/index.php\/medecin-generaliste\/\" data-type=\"page\" data-id=\"88\">Dr ROSER<\/a>, m\u00e9decin g\u00e9n\u00e9raliste rempla\u00e7ant.<\/p>\n<\/div>\n\n\n\n<div class=\"wp-block-group is-nowrap is-layout-flex wp-container-core-group-is-layout-6c531013 wp-block-group-is-layout-flex\">\n<figure class=\"wp-block-image size-full is-resized\"><img loading=\"lazy\" decoding=\"async\" width=\"150\" height=\"150\" src=\"https:\/\/cisarm.fr\/wp-content\/uploads\/2024\/11\/image.png\" alt=\"\" class=\"wp-image-214\" style=\"width:40px;height:auto\"\/><\/figure>\n\n\n\n<p class=\"has-source-serif-pro-font-family\"><a href=\"https:\/\/cisarm.fr\/index.php\/cardiologue\/\" data-type=\"page\" data-id=\"237\">Dr EL FARHI<\/a>, Cardiologue <\/p>\n<\/div>\n\n\n\n<div class=\"wp-block-group is-nowrap is-layout-flex wp-container-core-group-is-layout-6c531013 wp-block-group-is-layout-flex\">\n<figure class=\"wp-block-image size-full is-resized\"><img loading=\"lazy\" decoding=\"async\" width=\"150\" height=\"150\" src=\"https:\/\/cisarm.fr\/wp-content\/uploads\/2024\/11\/image.png\" alt=\"\" class=\"wp-image-214\" style=\"width:40px;height:auto\"\/><\/figure>\n\n\n\n<p class=\"has-source-serif-pro-font-family\"><a href=\"https:\/\/cisarm.fr\/index.php\/notre-rhumatologue\/\" data-type=\"page\" data-id=\"269\">Dr BOUKIDER<\/a>, rhumatologue<\/p>\n<\/div>\n\n\n\n<div class=\"wp-block-group is-nowrap is-layout-flex wp-container-core-group-is-layout-6c531013 wp-block-group-is-layout-flex\">\n<figure class=\"wp-block-image size-full is-resized\"><img loading=\"lazy\" decoding=\"async\" width=\"150\" height=\"150\" src=\"https:\/\/cisarm.fr\/wp-content\/uploads\/2024\/10\/image-3.png\" alt=\"\" class=\"wp-image-165\" style=\"width:42px;height:auto\"\/><\/figure>\n\n\n\n<p class=\"has-source-serif-pro-font-family\"><a href=\"https:\/\/cisarm.fr\/index.php\/medecin-pediatre\/\" data-type=\"page\" data-id=\"94\">Dr LEONARD<\/a>, m\u00e9decin p\u00e9diatre.<\/p>\n<\/div>\n\n\n\n<p class=\"has-source-serif-pro-font-family has-large-font-size\"><strong>Partie administratif<\/strong><\/p>\n\n\n\n<div class=\"wp-block-group is-nowrap is-layout-flex wp-container-core-group-is-layout-6c531013 wp-block-group-is-layout-flex\">\n<figure class=\"wp-block-image size-full is-resized\"><img loading=\"lazy\" decoding=\"async\" width=\"150\" height=\"150\" src=\"https:\/\/cisarm.fr\/wp-content\/uploads\/2024\/10\/image.png\" alt=\"\" class=\"wp-image-162\" style=\"width:41px;height:auto\"\/><\/figure>\n\n\n\n<p class=\"has-source-serif-pro-font-family\">Mme COLOT, secr\u00e9taire m\u00e9dicale.<\/p>\n<\/div>\n\n\n\n<div class=\"wp-block-group is-nowrap is-layout-flex wp-container-core-group-is-layout-6c531013 wp-block-group-is-layout-flex\">\n<figure class=\"wp-block-image size-full is-resized\"><img loading=\"lazy\" decoding=\"async\" width=\"150\" height=\"150\" src=\"https:\/\/cisarm.fr\/wp-content\/uploads\/2024\/10\/image-1.png\" alt=\"\" class=\"wp-image-163\" style=\"width:42px;height:auto\"\/><\/figure>\n\n\n\n<p class=\"has-source-serif-pro-font-family\">Mr BINAUT, directeur.<\/p>\n<\/div>\n\n\n\n<div class=\"wp-block-group is-nowrap is-layout-flex wp-container-core-group-is-layout-6c531013 wp-block-group-is-layout-flex\">\n<figure class=\"wp-block-image size-full is-resized\"><img loading=\"lazy\" decoding=\"async\" width=\"150\" height=\"150\" src=\"https:\/\/cisarm.fr\/wp-content\/uploads\/2024\/10\/image-2.png\" alt=\"\" class=\"wp-image-164\" style=\"width:42px;height:auto\"\/><\/figure>\n\n\n\n<p class=\"has-source-serif-pro-font-family\">Dr VILLENET, m\u00e9decin coordonnateur.<\/p>\n<\/div>\n\n\n\n<p class=\"has-source-serif-pro-font-family has-large-font-size\"><strong>Intervenants ext\u00e9rieurs<\/strong><\/p>\n\n\n\n<div class=\"wp-block-group is-nowrap is-layout-flex wp-container-core-group-is-layout-6c531013 wp-block-group-is-layout-flex\">\n<figure class=\"wp-block-image size-full is-resized\"><img loading=\"lazy\" decoding=\"async\" width=\"150\" height=\"150\" src=\"https:\/\/cisarm.fr\/wp-content\/uploads\/2024\/10\/image-5.png\" alt=\"\" class=\"wp-image-167\" style=\"width:43px;height:auto\"\/><\/figure>\n\n\n\n<p class=\"has-source-serif-pro-font-family\"><a href=\"https:\/\/cisarm.fr\/index.php\/orthoptiste\/\" data-type=\"page\" data-id=\"129\">Mr FERRAZ Mickael<\/a>, orthoptiste du Centre B\u00e9r\u00e9govoy \u00e0 Charleville-M\u00e9zi\u00e8res. Pr\u00e9sent un jeudi sur deux.<\/p>\n<\/div>\n\n\n\n<hr class=\"wp-block-separator alignwide has-text-color has-foreground-color has-alpha-channel-opacity has-foreground-background-color has-background is-style-dots\" style=\"margin-top:var(--wp--preset--spacing--40);margin-bottom:var(--wp--preset--spacing--40)\"\/>\n\n\n\n<div class=\"wp-block-group is-nowrap is-layout-flex wp-container-core-group-is-layout-6c531013 wp-block-group-is-layout-flex\">\n<h2 class=\"wp-block-heading\">En cas d&rsquo;urgence<\/h2>\n\n\n\n<figure class=\"wp-block-image alignright size-thumbnail\"><img loading=\"lazy\" decoding=\"async\" width=\"150\" height=\"150\" src=\"https:\/\/cisarm.fr\/wp-content\/uploads\/2024\/09\/images-150x150.jpg\" alt=\"\" class=\"wp-image-98\"\/><\/figure>\n<\/div>\n\n\n\n<p class=\"has-source-serif-pro-font-family has-medium-font-size\"><strong>15<\/strong> : SAMU<br><strong>18<\/strong> : POMPIERS<br><strong>17<\/strong> : POLICE<br><strong>112<\/strong> : URGENCES EUROPEENNES<br><strong>03 83 22 50 50<\/strong> : CENTRE ANTI-POISON de Nancy<br><strong>32 37<\/strong> : Pharmacie de garde <br><strong>114<\/strong> : Num\u00e9ro d&rsquo;urgence pour les personnes sourdes et malentendantes<\/p>\n","protected":false},"excerpt":{"rendered":"<p>Adresse mail : contact@cisarm.fr T\u00e9l\u00e9phone : +33 3.24.41.45.45 Notre \u00e9quipe Partie m\u00e9dicale Mme THIRIET, Infirmi\u00e8re dipl\u00f4m\u00e9e d&rsquo;\u00e9tat Mme DAVE , Sage Femme Mme HOUBAILLE et Mme MOINY, Assistante m\u00e9dicale Dr MINEUR, Dr DELATTRE, Dr GIUDICEANDREA, Dr IGLESIAS, m\u00e9decin g\u00e9n\u00e9raliste. Dr MALTOT, Dr MOUMID, Dr BELLANGER, Dr RAD, Dr ROSER, m\u00e9decin g\u00e9n\u00e9raliste rempla\u00e7ant. Dr EL FARHI, [&hellip;]<\/p>\n","protected":false},"author":1,"featured_media":0,"parent":0,"menu_order":0,"comment_status":"closed","ping_status":"open","template":"","meta":{"footnotes":""},"class_list":["post-2","page","type-page","status-publish","hentry"],"_links":{"self":[{"href":"https:\/\/cisarm.fr\/index.php\/wp-json\/wp\/v2\/pages\/2","targetHints":{"allow":["GET"]}}],"collection":[{"href":"https:\/\/cisarm.fr\/index.php\/wp-json\/wp\/v2\/pages"}],"about":[{"href":"https:\/\/cisarm.fr\/index.php\/wp-json\/wp\/v2\/types\/page"}],"author":[{"embeddable":true,"href":"https:\/\/cisarm.fr\/index.php\/wp-json\/wp\/v2\/users\/1"}],"replies":[{"embeddable":true,"href":"https:\/\/cisarm.fr\/index.php\/wp-json\/wp\/v2\/comments?post=2"}],"version-history":[{"count":30,"href":"https:\/\/cisarm.fr\/index.php\/wp-json\/wp\/v2\/pages\/2\/revisions"}],"predecessor-version":[{"id":281,"href":"https:\/\/cisarm.fr\/index.php\/wp-json\/wp\/v2\/pages\/2\/revisions\/281"}],"wp:attachment":[{"href":"https:\/\/cisarm.fr\/index.php\/wp-json\/wp\/v2\/media?parent=2"}],"curies":[{"name":"wp","href":"https:\/\/api.w.org\/{rel}","templated":true}]}}